{"id":1583,"date":"2022-12-01T09:47:21","date_gmt":"2022-12-01T09:47:21","guid":{"rendered":"https:\/\/restavratorstvo-vitez.si\/?page_id=1583"},"modified":"2023-02-01T14:21:36","modified_gmt":"2023-02-01T14:21:36","slug":"vacuum-consolidation","status":"publish","type":"page","link":"https:\/\/restavratorstvo-vitez.si\/en\/vacuum-consolidation\/","title":{"rendered":"Vacuum consolidation"},"content":{"rendered":"\t<section class=\"section\" id=\"section_1334844461\">\n\t\t<div class=\"bg section-bg fill bg-fill  \" >\n\n\t\t\t\n\t\t\t<div class=\"section-bg-overlay absolute fill\"><\/div>\n\t\t\t\n\n\t\t<\/div>\n\n\t\t\n\n\t\t<div class=\"section-content relative\">\n\t\t\t\n<div class=\"row\"  id=\"row-1567233332\">\n\n\t<div id=\"col-60893769\" class=\"col small-12 large-12\"  data-animate=\"fadeInUp\">\n\t\t\t\t<div class=\"col-inner\"  >\n\t\t\t\n\t\t\t\n\t<div id=\"text-116655403\" class=\"text\">\n\t\t\n<h1>Vacuum consolidation<\/h1>\n<p class=\"f-18\">With the intent of maintaining wood quality, slowing down the aging process, and to avoid rotting, we use the vacuum consolidation process. Read more about our process below.<\/p>\n\t\t\n<style>\n#text-116655403 {\n  color: rgb(255, 255, 255);\n}\n#text-116655403 > * {\n  color: rgb(255, 255, 255);\n}\n<\/style>\n\t<\/div>\n\t\n\t\t<\/div>\n\t\t\t\t\t<\/div>\n\n\t\n<\/div>\n\t\t<\/div>\n\n\t\t\n<style>\n#section_1334844461 {\n  padding-top: 190px;\n  padding-bottom: 190px;\n  min-height: 200px;\n}\n#section_1334844461 .section-bg-overlay {\n  background-color: rgba(0, 0, 0, 0.471);\n}\n#section_1334844461 .section-bg.bg-loaded {\n  background-image: url(https:\/\/restavratorstvo-vitez.si\/wp-content\/uploads\/2022\/12\/craftsman-is-aplying-another-peace-stained-glass-broken-antique-window-1.png);\n}\n#section_1334844461 .section-bg {\n  background-position: 0% 82%;\n}\n@media (min-width:550px) {\n  #section_1334844461 {\n    min-height: 700px;\n  }\n}\n<\/style>\n\t<\/section>\n\t\n\t<section class=\"section l-grad-s pb-0 pt-0\" id=\"section_888942515\">\n\t\t<div class=\"bg section-bg fill bg-fill  bg-loaded\" >\n\n\t\t\t\n\t\t\t\n\t\t\t\n\n\t\t<\/div>\n\n\t\t\n\n\t\t<div class=\"section-content relative\">\n\t\t\t\n<div class=\"row align-middle\"  id=\"row-488411524\">\n\n\t<div id=\"col-1369691331\" class=\"col medium-8 small-12 large-8\"  data-animate=\"fadeInUp\">\n\t\t\t\t<div class=\"col-inner\"  >\n\t\t\t\n\t\t\t\n\t<div id=\"text-1199770266\" class=\"text\">\n\t\t\n<h2>We developed a procedure<\/h2>\n<p>e developed vacuum impregnation-consolidation of wooden objects with the help of leading experts. Vacuum impregnation protects and consolidates wood which is in poor condition. The procedure enables the use of different consolidators and provides impregnation along the entire thickness of the object.<\/p>\n\t\t\n<style>\n#text-1199770266 {\n  text-align: left;\n}\n<\/style>\n\t<\/div>\n\t\n\t\t<\/div>\n\t\t\t\t\n<style>\n#col-1369691331 > .col-inner {\n  padding: 40px 0px 0px 0px;\n}\n@media (min-width:550px) {\n  #col-1369691331 > .col-inner {\n    padding: 100px 0px 0px 0px;\n  }\n}\n<\/style>\n\t<\/div>\n\n\t\n\n\t<div id=\"col-111037558\" class=\"col pb-0 medium-8 small-12 large-8\"  data-animate=\"fadeInUp\">\n\t\t\t\t<div class=\"col-inner\"  >\n\t\t\t\n\t\t\t\n\t<div id=\"text-2417708453\" class=\"text\">\n\t\t\n<h2>Wood has a lot of pests<\/h2>\n<p>Wood is a natural material and is as such extremely prone to degradation, especially when insects and fungi come into contact with it. Damage which occurs significantly changes basic properties of the wood. Damage may be so severe that it endangers further existence of the object.<\/p>\n\t\t\n<style>\n#text-2417708453 {\n  text-align: left;\n}\n@media (min-width:550px) {\n  #text-2417708453 {\n    text-align: left;\n  }\n}\n@media (min-width:850px) {\n  #text-2417708453 {\n    text-align: right;\n  }\n}\n<\/style>\n\t<\/div>\n\t\n\t\t<\/div>\n\t\t\t\t\t<\/div>\n\n\t\n\n\t<div id=\"col-1693107861\" class=\"col pb-0 medium-4 small-12 large-4\"  data-animate=\"fadeInUp\">\n\t\t\t\t<div class=\"col-inner text-center\"  >\n\t\t\t\n\t\t\t\n\t<div class=\"img has-hover x md-x lg-x y md-y lg-y\" id=\"image_2037957755\">\n\t\t\t\t\t\t\t\t<div class=\"img-inner dark\" >\n\t\t\t<img decoding=\"async\" width=\"371\" height=\"319\" src=\"https:\/\/restavratorstvo-vitez.si\/wp-content\/uploads\/2022\/12\/image-11.png\" class=\"attachment-original size-original\" alt=\"\" srcset=\"https:\/\/restavratorstvo-vitez.si\/wp-content\/uploads\/2022\/12\/image-11.png 371w, https:\/\/restavratorstvo-vitez.si\/wp-content\/uploads\/2022\/12\/image-11-300x258.png 300w\" sizes=\"(max-width: 371px) 100vw, 371px\" \/>\t\t\t\t\t\t\n\t\t\t\t\t<\/div>\n\t\t\t\t\t\t\t\t\n<style>\n#image_2037957755 {\n  width: 100%;\n}\n<\/style>\n\t<\/div>\n\t\n\t\t<\/div>\n\t\t\t\t\n<style>\n#col-1693107861 > .col-inner {\n  margin: 0px 0px 0px 0px;\n}\n@media (min-width:850px) {\n  #col-1693107861 > .col-inner {\n    margin: 0px 0px 0px 100px;\n  }\n}\n<\/style>\n\t<\/div>\n\n\t\n<\/div>\n\t\t<\/div>\n\n\t\t\n<style>\n#section_888942515 {\n  padding-top: 0px;\n  padding-bottom: 0px;\n}\n@media (min-width:850px) {\n  #section_888942515 {\n    padding-top: 50px;\n    padding-bottom: 50px;\n  }\n}\n<\/style>\n\t<\/section>\n\t\n\t<div id=\"gap-2018097177\" class=\"gap-element clearfix\" style=\"display:block; height:auto;\">\n\t\t\n<style>\n#gap-2018097177 {\n  padding-top: 30px;\n}\n<\/style>\n\t<\/div>\n\t\n<div class=\"row\"  id=\"row-2136935227\">\n\n\t<div id=\"col-72014844\" class=\"col w-bk pad-rig medium-12 small-12 large-6\"  data-animate=\"fadeInUp\">\n\t\t\t\t<div class=\"col-inner\"  >\n\t\t\t\n\t\t\t\n<p class=\"uppercase left\"><strong>For preservation<\/strong><\/p>\n<p>of the most damaged elements restorers began with manual consolidation of poor wood with the help of glues and natural and artificial resins. Manual consolidation is successful with elements of smaller volume, because in manual application the consolidator does not penetrate through the entire object. Only the outer layer is consolidated in manual impregnation-consolidation of larger objects while the inside layers are not.<\/p>\n\t\t<\/div>\n\t\t\t\t\n<style>\n#col-72014844 > .col-inner {\n  padding: 0px 0px 0px 0px;\n  margin: 0px 0px 0px 0px;\n}\n<\/style>\n\t<\/div>\n\n\t\n\n\t<div id=\"col-1970490178\" class=\"col w-bk medium-12 small-12 large-6\"  data-animate=\"fadeInUp\">\n\t\t\t\t<div class=\"col-inner\"  >\n\t\t\t\n\t\t\t\n<p class=\"uppercase left\"><strong>Vacuum impregnation<\/strong><\/p>\n<p>gives excellent results. The more damaged the wood the better the results. It is also an interesting data that a piece of wood prior to impregnation weighed 1 kg and immediately after impregnation it weighed 2.38 kg. After conditioning and maturation the object weighed 1.37 kg. The increase in weight was due to the impregnant which consolidated the object.<\/p>\n\t\t<\/div>\n\t\t\t\t\n<style>\n#col-1970490178 > .col-inner {\n  padding: 0px 0px 0px 50px;\n}\n<\/style>\n\t<\/div>\n\n\t\n\n<style>\n#row-2136935227 > .col > .col-inner {\n  padding: 0px 0px 0px 0px;\n}\n<\/style>\n<\/div>\n\t<div id=\"gap-1910737655\" class=\"gap-element clearfix\" style=\"display:block; height:auto;\">\n\t\t\n<style>\n#gap-1910737655 {\n  padding-top: 0px;\n}\n@media (min-width:550px) {\n  #gap-1910737655 {\n    padding-top: 50px;\n  }\n}\n<\/style>\n\t<\/div>\n\t\n<div class=\"row\"  id=\"row-2034265618\">\n\n\t<div id=\"col-1680221955\" class=\"col small-12 large-12\"  >\n\t\t\t\t<div class=\"col-inner\"  >\n\t\t\t\n\t\t\t\n<h3>Monitoring effectiveness of wood impregnation with confocal microscope \u2013 case study<\/h3>\n<p>(Authors: Mateja Gole\u017e, Luka \u0160krlep, Janko \u010cretnik, Alenka Mauko, ZAG)<\/p>\n\t\t<\/div>\n\t\t\t\t\t<\/div>\n\n\t\n<\/div>\n<div class=\"row\"  id=\"row-1122445714\">\n\n\t<div id=\"col-1923921186\" class=\"col medium-3 small-6 large-3\"  >\n\t\t\t\t<div class=\"col-inner\"  >\n\t\t\t\n\t\t\t\n\t<div class=\"img has-hover x md-x lg-x y md-y lg-y\" id=\"image_1178889023\">\n\t\t\t\t\t\t\t\t<div class=\"img-inner dark\" >\n\t\t\t<img decoding=\"async\" width=\"800\" height=\"600\" src=\"https:\/\/restavratorstvo-vitez.si\/wp-content\/uploads\/2023\/01\/1_Neimpregniran_vzorec_lesa_1.png\" class=\"attachment-large size-large\" alt=\"\" srcset=\"https:\/\/restavratorstvo-vitez.si\/wp-content\/uploads\/2023\/01\/1_Neimpregniran_vzorec_lesa_1.png 800w, https:\/\/restavratorstvo-vitez.si\/wp-content\/uploads\/2023\/01\/1_Neimpregniran_vzorec_lesa_1-300x225.png 300w, https:\/\/restavratorstvo-vitez.si\/wp-content\/uploads\/2023\/01\/1_Neimpregniran_vzorec_lesa_1-768x576.png 768w\" sizes=\"(max-width: 800px) 100vw, 800px\" \/>\t\t\t\t\t\t\n\t\t\t\t\t<\/div>\n\t\t\t\t\t\t\t\t\n<style>\n#image_1178889023 {\n  width: 100%;\n}\n<\/style>\n\t<\/div>\n\t\n\t<div id=\"gap-1187316234\" class=\"gap-element clearfix\" style=\"display:block; height:auto;\">\n\t\t\n<style>\n#gap-1187316234 {\n  padding-top: 10px;\n}\n<\/style>\n\t<\/div>\n\t\n<p>Non-impregnated wood sample<\/p>\n\t\t<\/div>\n\t\t\t\t\t<\/div>\n\n\t\n\n\t<div id=\"col-1810942425\" class=\"col medium-3 small-6 large-3\"  >\n\t\t\t\t<div class=\"col-inner\"  >\n\t\t\t\n\t\t\t\n\t<div class=\"img has-hover x md-x lg-x y md-y lg-y\" id=\"image_673024856\">\n\t\t\t\t\t\t\t\t<div class=\"img-inner dark\" >\n\t\t\t<img decoding=\"async\" width=\"800\" height=\"600\" src=\"https:\/\/restavratorstvo-vitez.si\/wp-content\/uploads\/2023\/01\/Impregniran_vzorec_lesa_1.png\" class=\"attachment-large size-large\" alt=\"\" srcset=\"https:\/\/restavratorstvo-vitez.si\/wp-content\/uploads\/2023\/01\/Impregniran_vzorec_lesa_1.png 800w, https:\/\/restavratorstvo-vitez.si\/wp-content\/uploads\/2023\/01\/Impregniran_vzorec_lesa_1-300x225.png 300w, https:\/\/restavratorstvo-vitez.si\/wp-content\/uploads\/2023\/01\/Impregniran_vzorec_lesa_1-768x576.png 768w\" sizes=\"(max-width: 800px) 100vw, 800px\" \/>\t\t\t\t\t\t\n\t\t\t\t\t<\/div>\n\t\t\t\t\t\t\t\t\n<style>\n#image_673024856 {\n  width: 100%;\n}\n<\/style>\n\t<\/div>\n\t\n\t<div id=\"gap-1323014478\" class=\"gap-element clearfix\" style=\"display:block; height:auto;\">\n\t\t\n<style>\n#gap-1323014478 {\n  padding-top: 10px;\n}\n<\/style>\n\t<\/div>\n\t\n<p> Impregnated wood sample<\/p>\n\t\t<\/div>\n\t\t\t\t\t<\/div>\n\n\t\n\n\t<div id=\"col-1440451513\" class=\"col medium-3 small-6 large-3\"  >\n\t\t\t\t<div class=\"col-inner\"  >\n\t\t\t\n\t\t\t\n\t<div class=\"img has-hover x md-x lg-x y md-y lg-y\" id=\"image_1496531385\">\n\t\t\t\t\t\t\t\t<div class=\"img-inner dark\" >\n\t\t\t<img decoding=\"async\" width=\"800\" height=\"600\" src=\"https:\/\/restavratorstvo-vitez.si\/wp-content\/uploads\/2023\/01\/SEM_mikroposnetek_lesenih_vlaken.jpg\" class=\"attachment-large size-large\" alt=\"\" srcset=\"https:\/\/restavratorstvo-vitez.si\/wp-content\/uploads\/2023\/01\/SEM_mikroposnetek_lesenih_vlaken.jpg 800w, https:\/\/restavratorstvo-vitez.si\/wp-content\/uploads\/2023\/01\/SEM_mikroposnetek_lesenih_vlaken-300x225.jpg 300w, https:\/\/restavratorstvo-vitez.si\/wp-content\/uploads\/2023\/01\/SEM_mikroposnetek_lesenih_vlaken-768x576.jpg 768w\" sizes=\"(max-width: 800px) 100vw, 800px\" \/>\t\t\t\t\t\t\n\t\t\t\t\t<\/div>\n\t\t\t\t\t\t\t\t\n<style>\n#image_1496531385 {\n  width: 100%;\n}\n<\/style>\n\t<\/div>\n\t\n\t<div id=\"gap-2126599886\" class=\"gap-element clearfix\" style=\"display:block; height:auto;\">\n\t\t\n<style>\n#gap-2126599886 {\n  padding-top: 10px;\n}\n<\/style>\n\t<\/div>\n\t\n<p>SEM micro recording of wood fibres<\/p>\n\t\t<\/div>\n\t\t\t\t\t<\/div>\n\n\t\n\n\t<div id=\"col-244361886\" class=\"col medium-3 small-6 large-3\"  >\n\t\t\t\t<div class=\"col-inner\"  >\n\t\t\t\n\t\t\t\n\t<div class=\"img has-hover x md-x lg-x y md-y lg-y\" id=\"image_55462096\">\n\t\t\t\t\t\t\t\t<div class=\"img-inner dark\" >\n\t\t\t<img decoding=\"async\" width=\"800\" height=\"600\" src=\"https:\/\/restavratorstvo-vitez.si\/wp-content\/uploads\/2023\/01\/pora_po_impregnaciji_1.png\" class=\"attachment-large size-large\" alt=\"\" srcset=\"https:\/\/restavratorstvo-vitez.si\/wp-content\/uploads\/2023\/01\/pora_po_impregnaciji_1.png 800w, https:\/\/restavratorstvo-vitez.si\/wp-content\/uploads\/2023\/01\/pora_po_impregnaciji_1-300x225.png 300w, https:\/\/restavratorstvo-vitez.si\/wp-content\/uploads\/2023\/01\/pora_po_impregnaciji_1-768x576.png 768w\" sizes=\"(max-width: 800px) 100vw, 800px\" \/>\t\t\t\t\t\t\n\t\t\t\t\t<\/div>\n\t\t\t\t\t\t\t\t\n<style>\n#image_55462096 {\n  width: 100%;\n}\n<\/style>\n\t<\/div>\n\t\n\t<div id=\"gap-1933422247\" class=\"gap-element clearfix\" style=\"display:block; height:auto;\">\n\t\t\n<style>\n#gap-1933422247 {\n  padding-top: 10px;\n}\n<\/style>\n\t<\/div>\n\t\n<p>A pore after impregnation<\/p>\n\t\t<\/div>\n\t\t\t\t\t<\/div>\n\n\t\n<\/div>\n<div class=\"row\"  id=\"row-1172209441\">\n\n\t<div id=\"col-1281177090\" class=\"col medium-3 small-6 large-3\"  >\n\t\t\t\t<div class=\"col-inner\"  >\n\t\t\t\n\t\t\t\n\t<div class=\"img has-hover x md-x lg-x y md-y lg-y\" id=\"image_689141127\">\n\t\t\t\t\t\t\t\t<div class=\"img-inner dark\" >\n\t\t\t<img decoding=\"async\" width=\"800\" height=\"600\" src=\"https:\/\/restavratorstvo-vitez.si\/wp-content\/uploads\/2023\/01\/Barvni_polygon_globine_poskodb__lesenega_predmeta._Temno_modra_barva_ponazarja_najgloblje_poskodbe_1.png\" class=\"attachment-large size-large\" alt=\"\" srcset=\"https:\/\/restavratorstvo-vitez.si\/wp-content\/uploads\/2023\/01\/Barvni_polygon_globine_poskodb__lesenega_predmeta._Temno_modra_barva_ponazarja_najgloblje_poskodbe_1.png 800w, https:\/\/restavratorstvo-vitez.si\/wp-content\/uploads\/2023\/01\/Barvni_polygon_globine_poskodb__lesenega_predmeta._Temno_modra_barva_ponazarja_najgloblje_poskodbe_1-300x225.png 300w, https:\/\/restavratorstvo-vitez.si\/wp-content\/uploads\/2023\/01\/Barvni_polygon_globine_poskodb__lesenega_predmeta._Temno_modra_barva_ponazarja_najgloblje_poskodbe_1-768x576.png 768w\" sizes=\"(max-width: 800px) 100vw, 800px\" \/>\t\t\t\t\t\t\n\t\t\t\t\t<\/div>\n\t\t\t\t\t\t\t\t\n<style>\n#image_689141127 {\n  width: 100%;\n}\n<\/style>\n\t<\/div>\n\t\n\t<div id=\"gap-54267121\" class=\"gap-element clearfix\" style=\"display:block; height:auto;\">\n\t\t\n<style>\n#gap-54267121 {\n  padding-top: 10px;\n}\n<\/style>\n\t<\/div>\n\t\n<p>Colour polygon of the depth of damage to the wooden object. The dark blue demonstrates the deepest damage \u2013 3.5 mm<\/p>\n\t\t<\/div>\n\t\t\t\t\t<\/div>\n\n\t\n\n\t<div id=\"col-1448306014\" class=\"col medium-3 small-6 large-3\"  >\n\t\t\t\t<div class=\"col-inner\"  >\n\t\t\t\n\t\t\t\n\t<div class=\"img has-hover x md-x lg-x y md-y lg-y\" id=\"image_1988694702\">\n\t\t\t\t\t\t\t\t<div class=\"img-inner dark\" >\n\t\t\t<img decoding=\"async\" width=\"800\" height=\"600\" src=\"https:\/\/restavratorstvo-vitez.si\/wp-content\/uploads\/2023\/01\/zapolnitev_por_po_impregnaciji_1.png\" class=\"attachment-large size-large\" alt=\"\" srcset=\"https:\/\/restavratorstvo-vitez.si\/wp-content\/uploads\/2023\/01\/zapolnitev_por_po_impregnaciji_1.png 800w, https:\/\/restavratorstvo-vitez.si\/wp-content\/uploads\/2023\/01\/zapolnitev_por_po_impregnaciji_1-300x225.png 300w, https:\/\/restavratorstvo-vitez.si\/wp-content\/uploads\/2023\/01\/zapolnitev_por_po_impregnaciji_1-768x576.png 768w\" sizes=\"(max-width: 800px) 100vw, 800px\" \/>\t\t\t\t\t\t\n\t\t\t\t\t<\/div>\n\t\t\t\t\t\t\t\t\n<style>\n#image_1988694702 {\n  width: 100%;\n}\n<\/style>\n\t<\/div>\n\t\n\t<div id=\"gap-310553833\" class=\"gap-element clearfix\" style=\"display:block; height:auto;\">\n\t\t\n<style>\n#gap-310553833 {\n  padding-top: 10px;\n}\n<\/style>\n\t<\/div>\n\t\n<p>Filling the pore with impregnation agent<\/p>\n\t\t<\/div>\n\t\t\t\t\t<\/div>\n\n\t\n<\/div>\n\t<div id=\"gap-1680840827\" class=\"gap-element clearfix\" style=\"display:block; height:auto;\">\n\t\t\n<style>\n#gap-1680840827 {\n  padding-top: 30px;\n}\n<\/style>\n\t<\/div>\n\t\n\t<section class=\"section formhp\" id=\"section_1742537643\">\n\t\t<div class=\"bg section-bg fill bg-fill  bg-loaded\" >\n\n\t\t\t\n\t\t\t\n\t\t\t\n\n\t\t<\/div>\n\n\t\t\n\n\t\t<div class=\"section-content relative\">\n\t\t\t\n\n<div class=\"row\"  id=\"row-545899105\">\n\n\n\t<div id=\"col-1623928093\" class=\"col medium-12 small-12 large-6\"  data-animate=\"fadeInUp\">\n\t\t\t\t<div class=\"col-inner text-left\"  >\n\t\t\t\n\t\t\t\n\n\t<div id=\"text-4097341181\" class=\"text\">\n\t\t\n\n<h2 class=\"left\">Send an inquiry<\/h2>\n<p>On the right side you can see an inquiry form for our services. Please describe your wishes as detailed as you can and we will reply with our offer as soon as we can.<\/p>\n\t\t\n<style>\n#text-4097341181 {\n  text-align: left;\n}\n<\/style>\n\t<\/div>\n\t\n\n\t\t<\/div>\n\t\t\t\t\t<\/div>\n\n\t\n\n\t<div id=\"col-514306760\" class=\"col block-form medium-12 small-12 large-6\"  data-animate=\"fadeInUp\">\n\t\t\t\t<div class=\"col-inner text-left\"  >\n\t\t\t\n\t\t\t\n\n\n<div class=\"wpcf7 no-js\" id=\"wpcf7-f1757-o1\" lang=\"sl-SI\" dir=\"ltr\">\n<div class=\"screen-reader-response\"><p role=\"status\" aria-live=\"polite\" aria-atomic=\"true\"><\/p> <ul><\/ul><\/div>\n<form action=\"\/en\/wp-json\/wp\/v2\/pages\/1583#wpcf7-f1757-o1\" method=\"post\" class=\"wpcf7-form init\" aria-label=\"Contact form\" enctype=\"multipart\/form-data\" novalidate=\"novalidate\" data-status=\"init\">\n<div style=\"display: none;\">\n<input type=\"hidden\" name=\"_wpcf7\" value=\"1757\" \/>\n<input type=\"hidden\" name=\"_wpcf7_version\" value=\"5.8.6\" \/>\n<input type=\"hidden\" name=\"_wpcf7_locale\" value=\"sl_SI\" \/>\n<input type=\"hidden\" name=\"_wpcf7_unit_tag\" value=\"wpcf7-f1757-o1\" \/>\n<input type=\"hidden\" name=\"_wpcf7_container_post\" value=\"0\" \/>\n<input type=\"hidden\" name=\"_wpcf7_posted_data_hash\" value=\"\" \/>\n<input type=\"hidden\" name=\"_wpcf7_recaptcha_response\" value=\"\" \/>\n<\/div>\n<p><label><span class=\"wpcf7-form-control-wrap\" data-name=\"your-name\"><input size=\"40\" class=\"wpcf7-form-control wpcf7-text wpcf7-validates-as-required\" aria-required=\"true\" aria-invalid=\"false\" placeholder=\"Name and surname*\" value=\"\" type=\"text\" name=\"your-name\" \/><\/span> <\/label>\n<\/p>\n<p><label><span class=\"wpcf7-form-control-wrap\" data-name=\"your-address\"><input size=\"40\" class=\"wpcf7-form-control wpcf7-text wpcf7-validates-as-required\" aria-required=\"true\" aria-invalid=\"false\" placeholder=\"Address\" value=\"\" type=\"text\" name=\"your-address\" \/><\/span> <\/label>\n<\/p>\n<p><label><span class=\"wpcf7-form-control-wrap\" data-name=\"your-company\"><input size=\"40\" class=\"wpcf7-form-control wpcf7-text wpcf7-validates-as-required\" aria-required=\"true\" aria-invalid=\"false\" placeholder=\"Company\" value=\"\" type=\"text\" name=\"your-company\" \/><\/span> <\/label>\n<\/p>\n<p><label><span class=\"wpcf7-form-control-wrap\" data-name=\"email-856\"><input size=\"40\" class=\"wpcf7-form-control wpcf7-email wpcf7-text wpcf7-validates-as-email\" aria-invalid=\"false\" placeholder=\"Email*\" value=\"\" type=\"email\" name=\"email-856\" \/><\/span> <\/label>\n<\/p>\n<p><label> <span class=\"wpcf7-form-control-wrap\" data-name=\"tel-912\"><input size=\"40\" class=\"wpcf7-form-control wpcf7-tel wpcf7-text wpcf7-validates-as-tel\" aria-invalid=\"false\" placeholder=\"Telephone number\" value=\"\" type=\"tel\" name=\"tel-912\" \/><\/span><\/label>\n<\/p>\n<p><label> <span class=\"wpcf7-form-control-wrap\" data-name=\"textarea-411\"><textarea cols=\"40\" rows=\"10\" class=\"wpcf7-form-control wpcf7-textarea\" aria-invalid=\"false\" placeholder=\"Your message\" name=\"textarea-411\"><\/textarea><\/span><\/label>\n<\/p>\n<p><label> <span class=\"wpcf7-form-control-wrap\" data-name=\"file-224\"><input size=\"40\" class=\"wpcf7-form-control wpcf7-file\" accept=\"audio\/*,video\/*,image\/*\" aria-invalid=\"false\" type=\"file\" name=\"file-224\" \/><\/span><\/label>\n<\/p>\n<p><span class=\"wpcf7-form-control-wrap\" data-name=\"your-consent\"><span class=\"wpcf7-form-control wpcf7-acceptance\"><span class=\"wpcf7-list-item\"><label><input type=\"checkbox\" name=\"your-consent\" value=\"1\" aria-invalid=\"false\" \/><span class=\"wpcf7-list-item-label\">I agree to the processing of our data for the purpose of making an offer and with the privacy policy of Stanko Vitez s.p.<\/span><\/label><\/span><\/span><\/span>\n<\/p>\n<p><input class=\"wpcf7-form-control wpcf7-submit has-spinner\" type=\"submit\" value=\"Send an inquiry\" \/>\n<\/p><div class=\"wpcf7-response-output\" aria-hidden=\"true\"><\/div>\n<\/form>\n<\/div>\n\n\n\n\t\t<\/div>\n\t\t\t\t\n<style>\n#col-514306760 > .col-inner {\n  padding: 0px 0px 0px 0px;\n}\n@media (min-width:850px) {\n  #col-514306760 > .col-inner {\n    padding: 0px 0px 0px 100px;\n  }\n}\n<\/style>\n\t<\/div>\n\n\t\n\n<\/div>\n\n\t\t<\/div>\n\n\t\t\n<style>\n#section_1742537643 {\n  padding-top: 30px;\n  padding-bottom: 30px;\n}\n@media (min-width:850px) {\n  #section_1742537643 {\n    padding-top: 50px;\n    padding-bottom: 50px;\n  }\n}\n<\/style>\n\t<\/section>\n\t\n","protected":false},"excerpt":{"rendered":"","protected":false},"author":1,"featured_media":0,"parent":0,"menu_order":0,"comment_status":"closed","ping_status":"closed","template":"page-transparent-header.php","meta":{"footnotes":""},"class_list":["post-1583","page","type-page","status-publish","hentry"],"_links":{"self":[{"href":"https:\/\/restavratorstvo-vitez.si\/en\/wp-json\/wp\/v2\/pages\/1583","targetHints":{"allow":["GET"]}}],"collection":[{"href":"https:\/\/restavratorstvo-vitez.si\/en\/wp-json\/wp\/v2\/pages"}],"about":[{"href":"https:\/\/restavratorstvo-vitez.si\/en\/wp-json\/wp\/v2\/types\/page"}],"author":[{"embeddable":true,"href":"https:\/\/restavratorstvo-vitez.si\/en\/wp-json\/wp\/v2\/users\/1"}],"replies":[{"embeddable":true,"href":"https:\/\/restavratorstvo-vitez.si\/en\/wp-json\/wp\/v2\/comments?post=1583"}],"version-history":[{"count":5,"href":"https:\/\/restavratorstvo-vitez.si\/en\/wp-json\/wp\/v2\/pages\/1583\/revisions"}],"predecessor-version":[{"id":1896,"href":"https:\/\/restavratorstvo-vitez.si\/en\/wp-json\/wp\/v2\/pages\/1583\/revisions\/1896"}],"wp:attachment":[{"href":"https:\/\/restavratorstvo-vitez.si\/en\/wp-json\/wp\/v2\/media?parent=1583"}],"curies":[{"name":"wp","href":"https:\/\/api.w.org\/{rel}","templated":true}]}}