{"id":1663,"date":"2023-01-18T15:05:40","date_gmt":"2023-01-18T15:05:40","guid":{"rendered":"https:\/\/restavratorstvo-vitez.si\/?page_id=1663"},"modified":"2023-02-01T14:11:12","modified_gmt":"2023-02-01T14:11:12","slug":"domande-frequenti","status":"publish","type":"page","link":"https:\/\/restavratorstvo-vitez.si\/it\/domande-frequenti\/","title":{"rendered":"Domande frequenti"},"content":{"rendered":"\t<section class=\"section\" id=\"section_501862389\">\n\t\t<div class=\"bg section-bg fill bg-fill  \" >\n\n\t\t\t\n\t\t\t<div class=\"section-bg-overlay absolute fill\"><\/div>\n\t\t\t\n\n\t\t<\/div>\n\n\t\t\n\n\t\t<div class=\"section-content relative\">\n\t\t\t\n<div class=\"row\"  id=\"row-59174244\">\n\n\t<div id=\"col-1002144771\" class=\"col small-12 large-12\"  data-animate=\"fadeInUp\">\n\t\t\t\t<div class=\"col-inner\"  >\n\t\t\t\n\t\t\t\n\t<div id=\"text-3113621371\" class=\"text\">\n\t\t\n<h1>Domande frequenti<\/h1>\n<p class=\"f-18\">Abbiamo raccolto le risposte alle domande pi\u00f9 comuni che voi clienti ci fate.<\/p>\n\t\t\n<style>\n#text-3113621371 {\n  color: rgb(255, 255, 255);\n}\n#text-3113621371 > * {\n  color: rgb(255, 255, 255);\n}\n<\/style>\n\t<\/div>\n\t\n\t\t<\/div>\n\t\t\t\t\t<\/div>\n\n\t\n<\/div>\n\t\t<\/div>\n\n\t\t\n<style>\n#section_501862389 {\n  padding-top: 140px;\n  padding-bottom: 140px;\n}\n#section_501862389 .section-bg-overlay {\n  background-color: rgba(0, 0, 0, 0.45);\n}\n#section_501862389 .section-bg.bg-loaded {\n  background-image: url(https:\/\/restavratorstvo-vitez.si\/wp-content\/uploads\/2023\/01\/delavnica.41-scaled.jpg);\n}\n#section_501862389 .section-bg {\n  background-position: 50% 55%;\n}\n@media (min-width:550px) {\n  #section_501862389 {\n    padding-top: 380px;\n    padding-bottom: 380px;\n  }\n}\n<\/style>\n\t<\/section>\n\t\n<div class=\"row\"  id=\"row-1192108858\">\n\n\t<div id=\"col-118359734\" class=\"col small-12 large-12\"  data-animate=\"fadeInUp\">\n\t\t\t\t<div class=\"col-inner\"  >\n\t\t\t\n\t\t\t\n<div class=\"accordion acordion\">\n\t<div id=\"accordion-774950451\" class=\"accordion-item acc-panel\">\n\t\t<a id=\"accordion-774950451-label\" class=\"accordion-title plain\" href=\"#accordion-item-a-che-cosa-bisogna-prestare-attenzione-durante-il-processo-di-restauro-dei-mobili?\" aria-expanded=\"false\" aria-controls=\"accordion-774950451-content\" >\n\t\t\t<button class=\"toggle\" aria-label=\"Attiva\/Disattiva\"><i class=\"icon-angle-down\"><\/i><\/button>\n\t\t\t<span>A che cosa bisogna prestare attenzione durante il processo di restauro dei mobili?<\/span>\n\t\t<\/a>\n\t\t<div id=\"accordion-774950451-content\" class=\"accordion-inner\" aria-labelledby=\"accordion-774950451-label\" >\n\t\t\t\n<p>Per il restauro dei mobili vecchi bisogna pulire la sporcizia e asportare gli eventuali strati di vernice secondaria per preservare la superficie originale e mantenere la vecchia patina indenne. Per la procedura bisogna utilizzare le stesse colle e i materiali per la lavorazione della superficie impiegati nel periodo quando fu prodotto il mobile. \u00c8 necessario considerare il principio di reversibilit\u00e0, i metodi e i materiali utilizzati. Gli interventi servono a preservare \u2013 conservare e non a modificare l\u2019oggetto.\n<\/p>\n\t\t<\/div>\n\t<\/div>\n\t\n\t<div id=\"accordion-187976883\" class=\"accordion-item acc-panel\">\n\t\t<a id=\"accordion-187976883-label\" class=\"accordion-title plain\" href=\"#accordion-item-perch\u00e9-i-mobili-antichi-non-vanno-levigati?\" aria-expanded=\"false\" aria-controls=\"accordion-187976883-content\" >\n\t\t\t<button class=\"toggle\" aria-label=\"Attiva\/Disattiva\"><i class=\"icon-angle-down\"><\/i><\/button>\n\t\t\t<span>Perch\u00e9 i mobili antichi non vanno levigati?<\/span>\n\t\t<\/a>\n\t\t<div id=\"accordion-187976883-content\" class=\"accordion-inner\" aria-labelledby=\"accordion-187976883-label\" >\n\t\t\t\n<p>Con la levigatura si provocano danni irreparabili, si distrugge la patina antica, si compromette perennemente l\u2019aspetto esterno dei mobili impiallacciati. Levigando uno strato sottile della superficie di mobili in legno massiccio si portano alla luce le gallerie scavate dagli insetti. Con ogni levigatura si perde per sempre una parte dell\u2019originale.\n<\/p>\n\t\t<\/div>\n\t<\/div>\n\t\n\t<div id=\"accordion-1512152600\" class=\"accordion-item acc-panel\">\n\t\t<a id=\"accordion-1512152600-label\" class=\"accordion-title plain\" href=\"#accordion-item-quale-colla-\u00e8-usata-nei-mobili-antichi?\" aria-expanded=\"false\" aria-controls=\"accordion-1512152600-content\" >\n\t\t\t<button class=\"toggle\" aria-label=\"Attiva\/Disattiva\"><i class=\"icon-angle-down\"><\/i><\/button>\n\t\t\t<span>Quale colla \u00e8 usata nei mobili antichi?<\/span>\n\t\t<\/a>\n\t\t<div id=\"accordion-1512152600-content\" class=\"accordion-inner\" aria-labelledby=\"accordion-1512152600-label\" >\n\t\t\t\n<p>Gli elementi dei mobili antichi sono generalmente attaccati con colle animali. Per il restauro usiamo esclusivamente le stesse colle usate una volta, in quanto sono tuttora le pi\u00f9 adatte per questa attivit\u00e0, nonostante la vasta offerta di colle nuove. Conosciamo diversi tipi di colla. Tra le pi\u00f9 usate sono la colla di coniglio e di pesce che sono ritenute le migliori. La colla si cuoce in doppio contenitore a bagnomaria.\n<\/p>\n\t\t<\/div>\n\t<\/div>\n\t\n\t<div id=\"accordion-2817262077\" class=\"accordion-item acc-panel\">\n\t\t<a id=\"accordion-2817262077-label\" class=\"accordion-title plain\" href=\"#accordion-item-che-cos\u2019\u00e8-la-cera-shellac?\" aria-expanded=\"false\" aria-controls=\"accordion-2817262077-content\" >\n\t\t\t<button class=\"toggle\" aria-label=\"Attiva\/Disattiva\"><i class=\"icon-angle-down\"><\/i><\/button>\n\t\t\t<span>Che cos\u2019\u00e8 la cera shellac?<\/span>\n\t\t<\/a>\n\t\t<div id=\"accordion-2817262077-content\" class=\"accordion-inner\" aria-labelledby=\"accordion-2817262077-label\" >\n\t\t\t\n<p>La cera shellac viene prodotta con la secrezione resinosa di insetti che si nutrono di succo di foglie e rami di alcuni alberi dell\u2019India orientale. Sul mercato \u00e8 reperibile a forma di foglietti. Per la diluizione dei foglietti di shellac viene utilizzato il 96% di alcool denaturato. La cera di shellac va applicata sulla superficie del legno con un fagottino di lana ricoperta con un panno di cotone o lino. Per la politura viene usato anche un galleggiante per la riempitura dei pori e l\u2019olio lucidante. La cera di shellac protegge il legno e accentua la bellezza del legno. Il metodo esige molta pratica. Nei nostri paraggi la cera shellac veniva usata nelle officine di falegnameria fino agli anni 50 e 60 del XX secolo.<\/p>\n\t\t<\/div>\n\t<\/div>\n\t\n\t<div id=\"accordion-727723024\" class=\"accordion-item acc-panel\">\n\t\t<a id=\"accordion-727723024-label\" class=\"accordion-title plain\" href=\"#accordion-item-come-sapere-quando-i-tarli-attaccano-il-legno-e-cosa-fare-quando-lo-notiamo?\" aria-expanded=\"false\" aria-controls=\"accordion-727723024-content\" >\n\t\t\t<button class=\"toggle\" aria-label=\"Attiva\/Disattiva\"><i class=\"icon-angle-down\"><\/i><\/button>\n\t\t\t<span>Come sapere quando i tarli attaccano il legno e cosa fare quando lo notiamo?<\/span>\n\t\t<\/a>\n\t\t<div id=\"accordion-727723024-content\" class=\"accordion-inner\" aria-labelledby=\"accordion-727723024-label\" >\n\t\t\t\n<p>I forellini sulla superficie del legno ci comunicano la presenza dei parassiti del legno, il che non significa, comunque, che l\u2019insetto \u2013 il tarlo \u2013 sia ancora presente. La presenza del tarlo del legno viene segnalata dai mucchietti di polvere che appaiono in superficie o sotto i mobili, \u00e8 possibile anche sentirlo mentre rosicchia il legno. I forellini contengono la polvere che si riversa spostando i mobili, ma ci\u00f2 non \u00e8 ancora un segno sicuro della presenza del tarlo.<\/p>\n<p>Quando il tarlo del legno \u00e8 presente solo localmente, si pu\u00f2 effettuare le disinfestazione iniettando l\u2019insetticida attorno al punto infestato. Quando \u00e8 necessario proteggere l\u2019intero oggetto \u00e8 consigliabile spalmarvi la protezione, avvolgerlo nell\u2019apposito foglio e lasciarlo cos\u00ec per un mese.<br \/>\nPrima di riportare il mobile nell\u2019abitazione bisogna arieggiarlo per bene. Durante il lavoro con gli insetticidi bisogna tutelare la salute e limitare il loro impiego, vanno usati solo dove necessario.<\/p>\n\t\t<\/div>\n\t<\/div>\n\t\n\t<div id=\"accordion-2718763962\" class=\"accordion-item acc-panel\">\n\t\t<a id=\"accordion-2718763962-label\" class=\"accordion-title plain\" href=\"#accordion-item-occorre-stuccare-i-forellini-dei-tarli-del-legno?\" aria-expanded=\"false\" aria-controls=\"accordion-2718763962-content\" >\n\t\t\t<button class=\"toggle\" aria-label=\"Attiva\/Disattiva\"><i class=\"icon-angle-down\"><\/i><\/button>\n\t\t\t<span>Occorre stuccare i forellini dei tarli del legno?<\/span>\n\t\t<\/a>\n\t\t<div id=\"accordion-2718763962-content\" class=\"accordion-inner\" aria-labelledby=\"accordion-2718763962-label\" >\n\t\t\t\n<p>Non serve stuccare i forellini dei tarli. Perch\u00e9 farlo e nascondere i forellini degli insetti, se anche i falegnami che producono copie di mobili antichi ricreano i forellini sui mobili nuovi per farli sembrare pi\u00f9 vecchi?<\/p>\n\t\t<\/div>\n\t<\/div>\n\t\n\t<div id=\"accordion-2799032842\" class=\"accordion-item acc-panel\">\n\t\t<a id=\"accordion-2799032842-label\" class=\"accordion-title plain\" href=\"#accordion-item-come-svolgere-la-manutenzione-dei-vecchi-mobili?\" aria-expanded=\"false\" aria-controls=\"accordion-2799032842-content\" >\n\t\t\t<button class=\"toggle\" aria-label=\"Attiva\/Disattiva\"><i class=\"icon-angle-down\"><\/i><\/button>\n\t\t\t<span>Come svolgere la manutenzione dei vecchi mobili?<\/span>\n\t\t<\/a>\n\t\t<div id=\"accordion-2799032842-content\" class=\"accordion-inner\" aria-labelledby=\"accordion-2799032842-label\" >\n\t\t\t\n<p>I vecchi mobili venivano prodotti in un periodo quando il riscaldamento degli ambienti era diverso da quello odierno. Bisogna fare attenzione, perci\u00f2, a non collocare i mobili antichi in un ambiente troppo asciutto che non dissecchi il legno. La superficie va pulita delicatamente con un morbido panno inumidito. Per la manutenzione dei mobili antichi sconsigliamo l\u2019utilizzo dei coprenti moderni e di spray. Se la superficie \u00e8 logora o danneggiata \u00e8 meglio rinnovarla con gli stessi materiali usati per la produzione dei mobili.<\/p>\n\t\t<\/div>\n\t<\/div>\n\t\n\t<div id=\"accordion-2688103792\" class=\"accordion-item acc-panel\">\n\t\t<a id=\"accordion-2688103792-label\" class=\"accordion-title plain\" href=\"#accordion-item-ha-senso-restaurare-un-oggetto-fortemente-danneggiato?\" aria-expanded=\"false\" aria-controls=\"accordion-2688103792-content\" >\n\t\t\t<button class=\"toggle\" aria-label=\"Attiva\/Disattiva\"><i class=\"icon-angle-down\"><\/i><\/button>\n\t\t\t<span>Ha senso restaurare un oggetto fortemente danneggiato?<\/span>\n\t\t<\/a>\n\t\t<div id=\"accordion-2688103792-content\" class=\"accordion-inner\" aria-labelledby=\"accordion-2688103792-label\" >\n\t\t\t\n<p>Tecnicamente \u00e8 possibile restaurare anche oggetti molto danneggiati. Siccome i costi del restauro dipendono nella maggior parte dal grado di conservazione dell\u2019oggetto, pu\u00f2 capitare che le spese del restauro superino il valore dell\u2019oggetto. Ci\u00f2 pu\u00f2 accadere con i mobili vecchi dal valore esiguo. Da un punto di vista razionale non converrebbe restaurare i mobili vecchi, in quanto possiamo trovare sul mercato un pezzo simile ad un prezzo molto inferiore. Quando l\u2019oggetto danneggiato ha un valore pi\u00f9 profondo per il proprietario e rappresenta un ricordo di una persona o evento, ci\u00f2 solitamente significa che il restauro di mobili antichi ha un senso a prescindere dal gradi di conservazione e dalle spese.<\/p>\n\t\t<\/div>\n\t<\/div>\n\t\n\t<div id=\"accordion-2120156100\" class=\"accordion-item acc-panel\">\n\t\t<a id=\"accordion-2120156100-label\" class=\"accordion-title plain\" href=\"#accordion-item-da-che-cosa-dipendono-le-spese-del-restauro?\" aria-expanded=\"false\" aria-controls=\"accordion-2120156100-content\" >\n\t\t\t<button class=\"toggle\" aria-label=\"Attiva\/Disattiva\"><i class=\"icon-angle-down\"><\/i><\/button>\n\t\t\t<span>Da che cosa dipendono le spese del restauro?<\/span>\n\t\t<\/a>\n\t\t<div id=\"accordion-2120156100-content\" class=\"accordion-inner\" aria-labelledby=\"accordion-2120156100-label\" >\n\t\t\t\n<p>Sulle spese del restauro influiscono diversi fattori, tra i quali spicca la conservazione \u2013 lo stato della superficie e della struttura. Una determinata parte del prezzo dell\u2019intervento di restauro \u00e8 rappresentata anche dall\u2019intelaiatura.<\/p>\n\t\t<\/div>\n\t<\/div>\n\t\n\t<div id=\"accordion-1889504709\" class=\"accordion-item acc-panel\">\n\t\t<a id=\"accordion-1889504709-label\" class=\"accordion-title plain\" href=\"#accordion-item-come-distinguere-un-oggetto-originale-da-un\u2019imitazione-al-momento-dell\u2019acquisto?\" aria-expanded=\"false\" aria-controls=\"accordion-1889504709-content\" >\n\t\t\t<button class=\"toggle\" aria-label=\"Attiva\/Disattiva\"><i class=\"icon-angle-down\"><\/i><\/button>\n\t\t\t<span>Come distinguere un oggetto originale da un\u2019imitazione al momento dell\u2019acquisto?<\/span>\n\t\t<\/a>\n\t\t<div id=\"accordion-1889504709-content\" class=\"accordion-inner\" aria-labelledby=\"accordion-1889504709-label\" >\n\t\t\t\n<p>Per riconoscere gli originali \u00e8 essenziale conoscere lo sviluppo della mobilia attraverso i periodi storici e la tecnologia di lavorazione. Un indice molto utile \u00e8 lo spessore dell\u2019impiallacciatura che dai 5 mm del periodo barocco si \u00e8 ridotto gradualmente a 0,5 mm. Se qualcuno cerca di vendervi un mobile in stile barocco con un\u2019impiallacciatura sottile, potete essere certi che si tratta di un mobile di fabbricazione pi\u00f9 recente. Le imitazioni vengono solitamente prodotte per gli oggetti di maggior valore. Per questo motivo quando bisogna decidere un acquisto costoso \u00e8 raccomandabile chiedere il parere ad un esperto.<\/p>\n\t\t<\/div>\n\t<\/div>\n\t\n<\/div>\n\t<div id=\"gap-1883624254\" class=\"gap-element clearfix\" style=\"display:block; height:auto;\">\n\t\t\n<style>\n#gap-1883624254 {\n  padding-top: 50px;\n}\n<\/style>\n\t<\/div>\n\t\n\t\t<\/div>\n\t\t\t\t\t<\/div>\n\n\t\n\n<style>\n#row-1192108858 > .col > .col-inner {\n  padding: 30px 0px 0px 0px;\n}\n<\/style>\n<\/div>\n","protected":false},"excerpt":{"rendered":"","protected":false},"author":1,"featured_media":0,"parent":0,"menu_order":0,"comment_status":"closed","ping_status":"closed","template":"page-transparent-header.php","meta":{"footnotes":""},"class_list":["post-1663","page","type-page","status-publish","hentry"],"_links":{"self":[{"href":"https:\/\/restavratorstvo-vitez.si\/it\/wp-json\/wp\/v2\/pages\/1663","targetHints":{"allow":["GET"]}}],"collection":[{"href":"https:\/\/restavratorstvo-vitez.si\/it\/wp-json\/wp\/v2\/pages"}],"about":[{"href":"https:\/\/restavratorstvo-vitez.si\/it\/wp-json\/wp\/v2\/types\/page"}],"author":[{"embeddable":true,"href":"https:\/\/restavratorstvo-vitez.si\/it\/wp-json\/wp\/v2\/users\/1"}],"replies":[{"embeddable":true,"href":"https:\/\/restavratorstvo-vitez.si\/it\/wp-json\/wp\/v2\/comments?post=1663"}],"version-history":[{"count":5,"href":"https:\/\/restavratorstvo-vitez.si\/it\/wp-json\/wp\/v2\/pages\/1663\/revisions"}],"predecessor-version":[{"id":1842,"href":"https:\/\/restavratorstvo-vitez.si\/it\/wp-json\/wp\/v2\/pages\/1663\/revisions\/1842"}],"wp:attachment":[{"href":"https:\/\/restavratorstvo-vitez.si\/it\/wp-json\/wp\/v2\/media?parent=1663"}],"curies":[{"name":"wp","href":"https:\/\/api.w.org\/{rel}","templated":true}]}}