{"id":1670,"date":"2022-12-01T10:21:18","date_gmt":"2022-12-01T10:21:18","guid":{"rendered":"https:\/\/restavratorstvo-vitez.si\/?page_id=1670"},"modified":"2023-02-13T11:24:23","modified_gmt":"2023-02-13T11:24:23","slug":"informazioni-legali","status":"publish","type":"page","link":"https:\/\/restavratorstvo-vitez.si\/it\/informazioni-legali\/","title":{"rendered":"Informazioni legali"},"content":{"rendered":"\t<section class=\"section\" id=\"section_1193273135\">\n\t\t<div class=\"bg section-bg fill bg-fill  \" >\n\n\t\t\t\n\t\t\t<div class=\"section-bg-overlay absolute fill\"><\/div>\n\t\t\t\n\n\t\t<\/div>\n\n\t\t\n\n\t\t<div class=\"section-content relative\">\n\t\t\t\n<div class=\"row\"  id=\"row-2000532675\">\n\n\t<div id=\"col-164775192\" class=\"col medium-10 small-12 large-10\"  >\n\t\t\t\t<div class=\"col-inner\"  >\n\t\t\t\n\t\t\t\n\t<div id=\"text-302575527\" class=\"text\">\n\t\t\n<h1>Informazioni legali<\/h1>\n\t\t\n<style>\n#text-302575527 {\n  color: rgb(255, 255, 255);\n}\n#text-302575527 > * {\n  color: rgb(255, 255, 255);\n}\n<\/style>\n\t<\/div>\n\t\n\t\t<\/div>\n\t\t\t\t\t<\/div>\n\n\t\n<\/div>\n\t\t<\/div>\n\n\t\t\n<style>\n#section_1193273135 {\n  padding-top: 190px;\n  padding-bottom: 190px;\n}\n#section_1193273135 .section-bg-overlay {\n  background-color: rgba(0, 0, 0, 0.471);\n}\n#section_1193273135 .section-bg.bg-loaded {\n  background-image: url(https:\/\/restavratorstvo-vitez.si\/wp-content\/uploads\/2022\/12\/hoblanje-6.png);\n}\n#section_1193273135 .section-bg {\n  background-position: 0% 0%;\n}\n<\/style>\n\t<\/section>\n\t\n\t<section class=\"section\" id=\"section_1733006979\">\n\t\t<div class=\"bg section-bg fill bg-fill  bg-loaded\" >\n\n\t\t\t\n\t\t\t\n\t\t\t\n\n\t\t<\/div>\n\n\t\t\n\n\t\t<div class=\"section-content relative\">\n\t\t\t\n<div class=\"row row-collapse\"  id=\"row-2105199487\">\n\n\t<div id=\"col-1816441382\" class=\"col small-12 large-12\"  >\n\t\t\t\t<div class=\"col-inner\"  >\n\t\t\t\n\t\t\t\n<h2 class=\"left\">Tutela dei dati personali<\/h2>\n<p>L\u2019impresa Restavratorstvo Stanko Vitez s.p. si impegna a non vendere, prestare o trasmettere in qualsiasi altro modo a terze persone i dati che fornirete tramite il sito www.restauro-vitez.it o con altre procedureovalo tretjim osebam.<\/p>\n<p>Tutti i dati saranno trattati confidenzialmente e saranno usati esclusivamente per l\u2019evidenza interna e allo scopo per il quale sono stati forniti. I vostri dati saranno tutelati scrupolosamente contro lo smarrimento, l\u2019abuso, gli accessi non autorizzati, lo svelamento, la modifica o la distruzione.<\/p>\n<p>Alcuni dati (indirizzo IP, data, ora, titolo della pagina dalla quale giungete) vengono salvati sul server. Questi dati sono anonimi e vengono utilizzati esclusivamente per elaborazioni statistiche.<\/p>\n<p>I siti internet utilizza i \u201ccookie\u201d. Si tratta di piccoli file che vengono salvati sul vostro disco durante la visita della pagina. I cookie facilitano le visite future della pagina. Impostando il vostro motore di ricerca potete stabilire l\u2019accettazione o il rifiuto di tali \u201ccookie\u201d.<\/p>\n<p>Rifiutando i \u201ccookie\u201d la visualizzazione di alcuni siti internet non potrebbe avvenire regolarmente oppure potrebbe venir negato l\u2019accesso ad alcune informazioni o funzioni della pagina.<\/p>\n<table>\n<tbody>\n<tr>\n<td>Pokie<\/td>\n<td>Funzionalit\u00e0<\/td>\n<td>Validit\u00e0<\/td>\n<td>Autore<\/td>\n<\/tr>\n<tr>\n<td>PH_HPXY_CHECK<\/td>\n<td>per memorizzare le informazioni sulla sessione corrente.<\/td>\n<td>Funzionale<\/td>\n<td>WordPress<\/td>\n<\/tr>\n<tr>\n<td>wp-wpml_current_language<\/td>\n<td>per memorizzare la lingua corrente\/le impostazioni della lingua.<\/td>\n<td>Funzionale<\/td>\n<td>WPML<\/td>\n<\/tr>\n<tr>\n<td>_ga_R6ZEXYTH76<\/td>\n<td>Questo cookie installa Google Analytics.<\/td>\n<td>2 anni<\/td>\n<td>Google Analytics<\/td>\n<\/tr>\n<tr>\n<td>_ga<\/td>\n<td>Il cookie _ga, impostato da Google Analytics, calcola i dati dei visitatori, delle sessioni e delle campagne e tiene traccia dell&#8217;utilizzo del sito web per un rapporto di analisi del sito web.<\/td>\n<td>2 anni<\/td>\n<td>Google Analytics<\/td>\n<\/tr>\n<tr>\n<td>cookieyes-consent<\/td>\n<td>per memorizzare le impostazioni della lingua.<\/td>\n<td>1 anno<\/td>\n<td>CookieS\u00ec<\/td>\n<\/tr>\n<tr>\n<td>wordpress_test_cookie<\/td>\n<td>per verificare se i cookie possono essere impostati<\/td>\n<td>Funzionale<\/td>\n<td>WordPress<\/td>\n<\/tr>\n<tr>\n<td>wp-settings-1<\/td>\n<td>per memorizzare le impostazioni dell&#8217;utente<\/td>\n<td>Funzionale<\/td>\n<td>WordPress<\/td>\n<\/tr>\n<tr>\n<td>wp-impostazioni-tempo-1<\/td>\n<td>per memorizzare le impostazioni dell&#8217;utente<\/td>\n<td>Funzionale<\/td>\n<td>WordPress<\/td>\n<\/tr>\n<\/tbody>\n<\/table>\n<p>\u00a0<\/p>\n<h2 class=\"left\">Esclusione della responsabilit\u00e0<\/h2>\n<p>Il sito web www.restavratorstvo-vitez.si \u00e8 stato creato e viene sottoposto a manutenzione con la massima scrupolosit\u00e0. Nonostante ci\u00f2 l\u2019impresa Restavratorstvo Stanko Vitez s.p. non pu\u00f2 garantire l\u2019assoluto aggiornamento, esattezza e correttezza di tutte le informazioni riportate sul sito. Tutti i dati della pagina internet possono esser modificati senza preavviso.<\/p>\n<p>L\u2019azienda non si assume alcuna responsabilit\u00e0 per danni di qualsiasi tipo, causati direttamente o indirettamente dall\u2019abuso, il funzionamento irregolare di questo sito web e\/o la sua inaccessibilit\u00e0.<\/p>\n<p>In caso di rinvio o link con altre pagine internet di propriet\u00e0 e gestite da terze persone, l\u2019impresa Restavratorstvo Stanko Vitez s.p. non si assume alcuna responsabilit\u00e0 per il contenuto riportato o il loro funzionamento corretto.<\/p>\n<h2 class=\"left\">Diritti d\u2019autore<\/h2>\n<p>\u00a9 Copyright 2026 Restavratorstvo Stanko Vitez s.p.<br \/>Tutti i testi, foto, grafiche, animazioni e altri documenti pubblicati sul sito www.restavratorstvo-vitez.si sono tutelati dal diritto d\u2019autore nell\u2019ambito delle disposizioni delle leggi vigenti o da un\u2019altra forma di tutela della propriet\u00e0 intellettuale.<\/p>\n<p>\u00c8 proibito copiare, diffondere, modificare o riprodurre in qualsiasi altro modo il contenuto delle pagine internet senza l\u2019autorizzazione scritta fornita dall\u2019azienda Restavratorstvo Stanko Vitez s.p. che attua attivamente i propri diritti di propriet\u00e0 intellettuale nella massima misura consentita dalla legge.<\/p>\n\t\t<\/div>\n\t\t\t\t\n<style>\n#col-1816441382 > .col-inner {\n  padding: 0px 20px 0px 20px;\n}\n<\/style>\n\t<\/div>\n\n\t\n<\/div>\n\t\t<\/div>\n\n\t\t\n<style>\n#section_1733006979 {\n  padding-top: 80px;\n  padding-bottom: 80px;\n}\n<\/style>\n\t<\/section>\n\t\n","protected":false},"excerpt":{"rendered":"","protected":false},"author":1,"featured_media":0,"parent":0,"menu_order":0,"comment_status":"closed","ping_status":"closed","template":"page-transparent-header.php","meta":{"footnotes":""},"class_list":["post-1670","page","type-page","status-publish","hentry"],"_links":{"self":[{"href":"https:\/\/restavratorstvo-vitez.si\/it\/wp-json\/wp\/v2\/pages\/1670","targetHints":{"allow":["GET"]}}],"collection":[{"href":"https:\/\/restavratorstvo-vitez.si\/it\/wp-json\/wp\/v2\/pages"}],"about":[{"href":"https:\/\/restavratorstvo-vitez.si\/it\/wp-json\/wp\/v2\/types\/page"}],"author":[{"embeddable":true,"href":"https:\/\/restavratorstvo-vitez.si\/it\/wp-json\/wp\/v2\/users\/1"}],"replies":[{"embeddable":true,"href":"https:\/\/restavratorstvo-vitez.si\/it\/wp-json\/wp\/v2\/comments?post=1670"}],"version-history":[{"count":5,"href":"https:\/\/restavratorstvo-vitez.si\/it\/wp-json\/wp\/v2\/pages\/1670\/revisions"}],"predecessor-version":[{"id":1942,"href":"https:\/\/restavratorstvo-vitez.si\/it\/wp-json\/wp\/v2\/pages\/1670\/revisions\/1942"}],"wp:attachment":[{"href":"https:\/\/restavratorstvo-vitez.si\/it\/wp-json\/wp\/v2\/media?parent=1670"}],"curies":[{"name":"wp","href":"https:\/\/api.w.org\/{rel}","templated":true}]}}