{"id":1676,"date":"2022-12-01T09:47:21","date_gmt":"2022-12-01T09:47:21","guid":{"rendered":"https:\/\/restavratorstvo-vitez.si\/?page_id=1676"},"modified":"2023-02-01T14:10:23","modified_gmt":"2023-02-01T14:10:23","slug":"consolidamento-sottovuoto","status":"publish","type":"page","link":"https:\/\/restavratorstvo-vitez.si\/it\/consolidamento-sottovuoto\/","title":{"rendered":"Consolidamento sottovuoto"},"content":{"rendered":"\t<section class=\"section\" id=\"section_187612510\">\n\t\t<div class=\"bg section-bg fill bg-fill  \" >\n\n\t\t\t\n\t\t\t<div class=\"section-bg-overlay absolute fill\"><\/div>\n\t\t\t\n\n\t\t<\/div>\n\n\t\t\n\n\t\t<div class=\"section-content relative\">\n\t\t\t\n<div class=\"row\"  id=\"row-1361645906\">\n\n\t<div id=\"col-395416135\" class=\"col small-12 large-12\"  data-animate=\"fadeInUp\">\n\t\t\t\t<div class=\"col-inner\"  >\n\t\t\t\n\t\t\t\n\t<div id=\"text-1399812144\" class=\"text\">\n\t\t\n<h1>Consolidamento sottovuoto<\/h1>\n<p class=\"f-18\">Per preservare il legno, rallentare l&#8217;invecchiamento e prevenire la putrefazione, utilizziamo un processo di consolidamento sottovuoto. Leggi di pi\u00f9 sul nostro processo.<\/p>\n\t\t\n<style>\n#text-1399812144 {\n  color: rgb(255, 255, 255);\n}\n#text-1399812144 > * {\n  color: rgb(255, 255, 255);\n}\n<\/style>\n\t<\/div>\n\t\n\t\t<\/div>\n\t\t\t\t\t<\/div>\n\n\t\n<\/div>\n\t\t<\/div>\n\n\t\t\n<style>\n#section_187612510 {\n  padding-top: 190px;\n  padding-bottom: 190px;\n  min-height: 200px;\n}\n#section_187612510 .section-bg-overlay {\n  background-color: rgba(0, 0, 0, 0.471);\n}\n#section_187612510 .section-bg.bg-loaded {\n  background-image: url(https:\/\/restavratorstvo-vitez.si\/wp-content\/uploads\/2022\/12\/craftsman-is-aplying-another-peace-stained-glass-broken-antique-window-1.png);\n}\n#section_187612510 .section-bg {\n  background-position: 0% 82%;\n}\n@media (min-width:550px) {\n  #section_187612510 {\n    min-height: 700px;\n  }\n}\n<\/style>\n\t<\/section>\n\t\n\t<section class=\"section l-grad-s pb-0 pt-0\" id=\"section_252241006\">\n\t\t<div class=\"bg section-bg fill bg-fill  bg-loaded\" >\n\n\t\t\t\n\t\t\t\n\t\t\t\n\n\t\t<\/div>\n\n\t\t\n\n\t\t<div class=\"section-content relative\">\n\t\t\t\n<div class=\"row align-middle\"  id=\"row-1167154604\">\n\n\t<div id=\"col-723718482\" class=\"col medium-8 small-12 large-8\"  data-animate=\"fadeInUp\">\n\t\t\t\t<div class=\"col-inner\"  >\n\t\t\t\n\t\t\t\n\t<div id=\"text-1384001859\" class=\"text\">\n\t\t\n<h2>Abbiamo sviluppato un metodo<\/h2>\n<p>Con l\u2019aiuto dei migliori esperti del settore abbiamo sviluppato il sistema d\u2019impregnazione sottovuoto degli oggetti di legno, grazie al quale il materiale viene protetto e consolidato. Il procedimento consente l\u2019uso di vari catalizzatori e garantisce l\u2019impregnazione per l\u2019intero spessore.<\/p>\n\t\t\n<style>\n#text-1384001859 {\n  text-align: left;\n}\n<\/style>\n\t<\/div>\n\t\n\t\t<\/div>\n\t\t\t\t\n<style>\n#col-723718482 > .col-inner {\n  padding: 40px 0px 0px 0px;\n}\n@media (min-width:550px) {\n  #col-723718482 > .col-inner {\n    padding: 100px 0px 0px 0px;\n  }\n}\n<\/style>\n\t<\/div>\n\n\t\n\n\t<div id=\"col-835841845\" class=\"col pb-0 medium-8 small-12 large-8\"  data-animate=\"fadeInUp\">\n\t\t\t\t<div class=\"col-inner\"  >\n\t\t\t\n\t\t\t\n\t<div id=\"text-1696668081\" class=\"text\">\n\t\t\n<h2>Il legno \u00e8 sottoposto all\u2019attacco di numerosi parassiti<\/h2>\n<p>In quanto materiale naturale, il legno \u00e8 molto soggetto al deterioramento, specie quando viene in contatto con parassiti, insetti e funghi. Il legno subisce dei danni che ne modificano sensibilmente le caratteristiche fondamentali. Il deterioramento pu\u00f2 essere cos\u00ec grave, da distruggere completamente l\u2019oggetto.\n<\/p>\n\t\t\n<style>\n#text-1696668081 {\n  text-align: left;\n}\n@media (min-width:550px) {\n  #text-1696668081 {\n    text-align: left;\n  }\n}\n@media (min-width:850px) {\n  #text-1696668081 {\n    text-align: right;\n  }\n}\n<\/style>\n\t<\/div>\n\t\n\t\t<\/div>\n\t\t\t\t\t<\/div>\n\n\t\n\n\t<div id=\"col-1413976183\" class=\"col pb-0 medium-4 small-12 large-4\"  data-animate=\"fadeInUp\">\n\t\t\t\t<div class=\"col-inner text-center\"  >\n\t\t\t\n\t\t\t\n\t<div class=\"img has-hover x md-x lg-x y md-y lg-y\" id=\"image_1142009064\">\n\t\t\t\t\t\t\t\t<div class=\"img-inner dark\" >\n\t\t\t<img decoding=\"async\" width=\"371\" height=\"319\" src=\"https:\/\/restavratorstvo-vitez.si\/wp-content\/uploads\/2022\/12\/image-11.png\" class=\"attachment-original size-original\" alt=\"\" srcset=\"https:\/\/restavratorstvo-vitez.si\/wp-content\/uploads\/2022\/12\/image-11.png 371w, https:\/\/restavratorstvo-vitez.si\/wp-content\/uploads\/2022\/12\/image-11-300x258.png 300w\" sizes=\"(max-width: 371px) 100vw, 371px\" \/>\t\t\t\t\t\t\n\t\t\t\t\t<\/div>\n\t\t\t\t\t\t\t\t\n<style>\n#image_1142009064 {\n  width: 100%;\n}\n<\/style>\n\t<\/div>\n\t\n\t\t<\/div>\n\t\t\t\t\n<style>\n#col-1413976183 > .col-inner {\n  margin: 0px 0px 0px 0px;\n}\n@media (min-width:850px) {\n  #col-1413976183 > .col-inner {\n    margin: 0px 0px 0px 100px;\n  }\n}\n<\/style>\n\t<\/div>\n\n\t\n<\/div>\n\t\t<\/div>\n\n\t\t\n<style>\n#section_252241006 {\n  padding-top: 0px;\n  padding-bottom: 0px;\n}\n@media (min-width:850px) {\n  #section_252241006 {\n    padding-top: 50px;\n    padding-bottom: 50px;\n  }\n}\n<\/style>\n\t<\/section>\n\t\n\t<div id=\"gap-675599105\" class=\"gap-element clearfix\" style=\"display:block; height:auto;\">\n\t\t\n<style>\n#gap-675599105 {\n  padding-top: 30px;\n}\n<\/style>\n\t<\/div>\n\t\n<div class=\"row\"  id=\"row-1018978216\">\n\n\t<div id=\"col-448620239\" class=\"col w-bk pad-rig medium-12 small-12 large-6\"  data-animate=\"fadeInUp\">\n\t\t\t\t<div class=\"col-inner\"  >\n\t\t\t\n\t\t\t\n<p class=\"uppercase left\"><strong>Il processo di conservazione<\/strong><\/p>\n<p>I restauratori iniziano il processo di conservazione degli elementi pi\u00f9 danneggiati con il consolidamento manuale del legno deteriorato mediante le colle e le resine naturali e sintetiche. Il metodo di consolidamento manuale \u00e8 efficace per gli elementi di volume inferiore poich\u00e9 non consente al catalizzatore di penetrare nell\u2019intera massa dell\u2019oggetto. Con l\u2019impregnazione e la consolidazione manuale degli oggetti pi\u00f9 grandi si consolida solo lo strato esterno, ma non quello interno.<\/p>\n\t\t<\/div>\n\t\t\t\t\n<style>\n#col-448620239 > .col-inner {\n  padding: 0px 0px 0px 0px;\n  margin: 0px 0px 0px 0px;\n}\n<\/style>\n\t<\/div>\n\n\t\n\n\t<div id=\"col-941278858\" class=\"col w-bk medium-12 small-12 large-6\"  data-animate=\"fadeInUp\">\n\t\t\t\t<div class=\"col-inner\"  >\n\t\t\t\n\t\t\t\n<p class=\"uppercase left\"><strong>Impregnazione sottovuoto<\/strong><\/p>\n<p>L\u2019impregnazione sottovuoto rende ottimi risultati, i migliori proprio sul legno danneggiato. \u00c8 interessante il dato che un pezzo di legno prima dell\u2019impregnazione pesava 1 kg, immediatamente dopo 2,38 kg. Dopo la climatizzazione e la stagionatura il peso scese a 1,37 kg. La massa \u00e8 aumentata a causa dell\u2019impregnante con il quale l\u2019oggetto \u00e8 stato consolidato.<\/p>\n\t\t<\/div>\n\t\t\t\t\n<style>\n#col-941278858 > .col-inner {\n  padding: 0px 0px 0px 50px;\n}\n<\/style>\n\t<\/div>\n\n\t\n\n<style>\n#row-1018978216 > .col > .col-inner {\n  padding: 0px 0px 0px 0px;\n}\n<\/style>\n<\/div>\n\t<div id=\"gap-1213651794\" class=\"gap-element clearfix\" style=\"display:block; height:auto;\">\n\t\t\n<style>\n#gap-1213651794 {\n  padding-top: 0px;\n}\n@media (min-width:550px) {\n  #gap-1213651794 {\n    padding-top: 50px;\n  }\n}\n<\/style>\n\t<\/div>\n\t\n<div class=\"row\"  id=\"row-1090708847\">\n\n\t<div id=\"col-673860354\" class=\"col small-12 large-12\"  >\n\t\t\t\t<div class=\"col-inner\"  >\n\t\t\t\n\t\t\t\n<h3>Esempio di controllo dell\u2019efficacia dell\u2019impregnazione del legno con il microscopio confocale<\/h3>\n<p>(Autore: Mateja Gole\u017e, Luka \u0160krlep, Janko \u010cretnik, Alenka Mauko, ZAG)<\/p>\n\t\t<\/div>\n\t\t\t\t\t<\/div>\n\n\t\n<\/div>\n<div class=\"row\"  id=\"row-880529916\">\n\n\t<div id=\"col-1563163424\" class=\"col medium-3 small-6 large-3\"  >\n\t\t\t\t<div class=\"col-inner\"  >\n\t\t\t\n\t\t\t\n\t<div class=\"img has-hover x md-x lg-x y md-y lg-y\" id=\"image_1512950578\">\n\t\t\t\t\t\t\t\t<div class=\"img-inner dark\" >\n\t\t\t<img decoding=\"async\" width=\"800\" height=\"600\" src=\"https:\/\/restavratorstvo-vitez.si\/wp-content\/uploads\/2023\/01\/1_Neimpregniran_vzorec_lesa_1.png\" class=\"attachment-large size-large\" alt=\"\" srcset=\"https:\/\/restavratorstvo-vitez.si\/wp-content\/uploads\/2023\/01\/1_Neimpregniran_vzorec_lesa_1.png 800w, https:\/\/restavratorstvo-vitez.si\/wp-content\/uploads\/2023\/01\/1_Neimpregniran_vzorec_lesa_1-300x225.png 300w, https:\/\/restavratorstvo-vitez.si\/wp-content\/uploads\/2023\/01\/1_Neimpregniran_vzorec_lesa_1-768x576.png 768w\" sizes=\"(max-width: 800px) 100vw, 800px\" \/>\t\t\t\t\t\t\n\t\t\t\t\t<\/div>\n\t\t\t\t\t\t\t\t\n<style>\n#image_1512950578 {\n  width: 100%;\n}\n<\/style>\n\t<\/div>\n\t\n\t<div id=\"gap-85757059\" class=\"gap-element clearfix\" style=\"display:block; height:auto;\">\n\t\t\n<style>\n#gap-85757059 {\n  padding-top: 10px;\n}\n<\/style>\n\t<\/div>\n\t\n<p>Campione di legno non impregnato<\/p>\n\t\t<\/div>\n\t\t\t\t\t<\/div>\n\n\t\n\n\t<div id=\"col-684698961\" class=\"col medium-3 small-6 large-3\"  >\n\t\t\t\t<div class=\"col-inner\"  >\n\t\t\t\n\t\t\t\n\t<div class=\"img has-hover x md-x lg-x y md-y lg-y\" id=\"image_145180590\">\n\t\t\t\t\t\t\t\t<div class=\"img-inner dark\" >\n\t\t\t<img decoding=\"async\" width=\"800\" height=\"600\" src=\"https:\/\/restavratorstvo-vitez.si\/wp-content\/uploads\/2023\/01\/Impregniran_vzorec_lesa_1.png\" class=\"attachment-large size-large\" alt=\"\" srcset=\"https:\/\/restavratorstvo-vitez.si\/wp-content\/uploads\/2023\/01\/Impregniran_vzorec_lesa_1.png 800w, https:\/\/restavratorstvo-vitez.si\/wp-content\/uploads\/2023\/01\/Impregniran_vzorec_lesa_1-300x225.png 300w, https:\/\/restavratorstvo-vitez.si\/wp-content\/uploads\/2023\/01\/Impregniran_vzorec_lesa_1-768x576.png 768w\" sizes=\"(max-width: 800px) 100vw, 800px\" \/>\t\t\t\t\t\t\n\t\t\t\t\t<\/div>\n\t\t\t\t\t\t\t\t\n<style>\n#image_145180590 {\n  width: 100%;\n}\n<\/style>\n\t<\/div>\n\t\n\t<div id=\"gap-1067184253\" class=\"gap-element clearfix\" style=\"display:block; height:auto;\">\n\t\t\n<style>\n#gap-1067184253 {\n  padding-top: 10px;\n}\n<\/style>\n\t<\/div>\n\t\n<p>Campione di legno impregnato<\/p>\n\t\t<\/div>\n\t\t\t\t\t<\/div>\n\n\t\n\n\t<div id=\"col-747652297\" class=\"col medium-3 small-6 large-3\"  >\n\t\t\t\t<div class=\"col-inner\"  >\n\t\t\t\n\t\t\t\n\t<div class=\"img has-hover x md-x lg-x y md-y lg-y\" id=\"image_1370480079\">\n\t\t\t\t\t\t\t\t<div class=\"img-inner dark\" >\n\t\t\t<img decoding=\"async\" width=\"800\" height=\"600\" src=\"https:\/\/restavratorstvo-vitez.si\/wp-content\/uploads\/2023\/01\/SEM_mikroposnetek_lesenih_vlaken.jpg\" class=\"attachment-large size-large\" alt=\"\" srcset=\"https:\/\/restavratorstvo-vitez.si\/wp-content\/uploads\/2023\/01\/SEM_mikroposnetek_lesenih_vlaken.jpg 800w, https:\/\/restavratorstvo-vitez.si\/wp-content\/uploads\/2023\/01\/SEM_mikroposnetek_lesenih_vlaken-300x225.jpg 300w, https:\/\/restavratorstvo-vitez.si\/wp-content\/uploads\/2023\/01\/SEM_mikroposnetek_lesenih_vlaken-768x576.jpg 768w\" sizes=\"(max-width: 800px) 100vw, 800px\" \/>\t\t\t\t\t\t\n\t\t\t\t\t<\/div>\n\t\t\t\t\t\t\t\t\n<style>\n#image_1370480079 {\n  width: 100%;\n}\n<\/style>\n\t<\/div>\n\t\n\t<div id=\"gap-767191499\" class=\"gap-element clearfix\" style=\"display:block; height:auto;\">\n\t\t\n<style>\n#gap-767191499 {\n  padding-top: 10px;\n}\n<\/style>\n\t<\/div>\n\t\n<p>Microimmagine SEM delle fibre di legno<\/p>\n\t\t<\/div>\n\t\t\t\t\t<\/div>\n\n\t\n\n\t<div id=\"col-957072961\" class=\"col medium-3 small-6 large-3\"  >\n\t\t\t\t<div class=\"col-inner\"  >\n\t\t\t\n\t\t\t\n\t<div class=\"img has-hover x md-x lg-x y md-y lg-y\" id=\"image_1089207285\">\n\t\t\t\t\t\t\t\t<div class=\"img-inner dark\" >\n\t\t\t<img decoding=\"async\" width=\"800\" height=\"600\" src=\"https:\/\/restavratorstvo-vitez.si\/wp-content\/uploads\/2023\/01\/pora_po_impregnaciji_1.png\" class=\"attachment-large size-large\" alt=\"\" srcset=\"https:\/\/restavratorstvo-vitez.si\/wp-content\/uploads\/2023\/01\/pora_po_impregnaciji_1.png 800w, https:\/\/restavratorstvo-vitez.si\/wp-content\/uploads\/2023\/01\/pora_po_impregnaciji_1-300x225.png 300w, https:\/\/restavratorstvo-vitez.si\/wp-content\/uploads\/2023\/01\/pora_po_impregnaciji_1-768x576.png 768w\" sizes=\"(max-width: 800px) 100vw, 800px\" \/>\t\t\t\t\t\t\n\t\t\t\t\t<\/div>\n\t\t\t\t\t\t\t\t\n<style>\n#image_1089207285 {\n  width: 100%;\n}\n<\/style>\n\t<\/div>\n\t\n\t<div id=\"gap-675706680\" class=\"gap-element clearfix\" style=\"display:block; height:auto;\">\n\t\t\n<style>\n#gap-675706680 {\n  padding-top: 10px;\n}\n<\/style>\n\t<\/div>\n\t\n<p>Poro dopo l\u2019impregnazione<\/p>\n\t\t<\/div>\n\t\t\t\t\t<\/div>\n\n\t\n<\/div>\n<div class=\"row\"  id=\"row-1754457299\">\n\n\t<div id=\"col-523500212\" class=\"col medium-3 small-6 large-3\"  >\n\t\t\t\t<div class=\"col-inner\"  >\n\t\t\t\n\t\t\t\n\t<div class=\"img has-hover x md-x lg-x y md-y lg-y\" id=\"image_605834238\">\n\t\t\t\t\t\t\t\t<div class=\"img-inner dark\" >\n\t\t\t<img decoding=\"async\" width=\"800\" height=\"600\" src=\"https:\/\/restavratorstvo-vitez.si\/wp-content\/uploads\/2023\/01\/Barvni_polygon_globine_poskodb__lesenega_predmeta._Temno_modra_barva_ponazarja_najgloblje_poskodbe_1.png\" class=\"attachment-large size-large\" alt=\"\" srcset=\"https:\/\/restavratorstvo-vitez.si\/wp-content\/uploads\/2023\/01\/Barvni_polygon_globine_poskodb__lesenega_predmeta._Temno_modra_barva_ponazarja_najgloblje_poskodbe_1.png 800w, https:\/\/restavratorstvo-vitez.si\/wp-content\/uploads\/2023\/01\/Barvni_polygon_globine_poskodb__lesenega_predmeta._Temno_modra_barva_ponazarja_najgloblje_poskodbe_1-300x225.png 300w, https:\/\/restavratorstvo-vitez.si\/wp-content\/uploads\/2023\/01\/Barvni_polygon_globine_poskodb__lesenega_predmeta._Temno_modra_barva_ponazarja_najgloblje_poskodbe_1-768x576.png 768w\" sizes=\"(max-width: 800px) 100vw, 800px\" \/>\t\t\t\t\t\t\n\t\t\t\t\t<\/div>\n\t\t\t\t\t\t\t\t\n<style>\n#image_605834238 {\n  width: 100%;\n}\n<\/style>\n\t<\/div>\n\t\n\t<div id=\"gap-1321298147\" class=\"gap-element clearfix\" style=\"display:block; height:auto;\">\n\t\t\n<style>\n#gap-1321298147 {\n  padding-top: 10px;\n}\n<\/style>\n\t<\/div>\n\t\n<p>Poligono cromatico della profondit\u00e0 dei danni sull\u2019oggetto di legno. Il blu scuro indica i danni pi\u00f9 profondi \u2013 3,5 mm<\/p>\n\t\t<\/div>\n\t\t\t\t\t<\/div>\n\n\t\n\n\t<div id=\"col-1066030199\" class=\"col medium-3 small-6 large-3\"  >\n\t\t\t\t<div class=\"col-inner\"  >\n\t\t\t\n\t\t\t\n\t<div class=\"img has-hover x md-x lg-x y md-y lg-y\" id=\"image_1075593923\">\n\t\t\t\t\t\t\t\t<div class=\"img-inner dark\" >\n\t\t\t<img decoding=\"async\" width=\"800\" height=\"600\" src=\"https:\/\/restavratorstvo-vitez.si\/wp-content\/uploads\/2023\/01\/zapolnitev_por_po_impregnaciji_1.png\" class=\"attachment-large size-large\" alt=\"\" srcset=\"https:\/\/restavratorstvo-vitez.si\/wp-content\/uploads\/2023\/01\/zapolnitev_por_po_impregnaciji_1.png 800w, https:\/\/restavratorstvo-vitez.si\/wp-content\/uploads\/2023\/01\/zapolnitev_por_po_impregnaciji_1-300x225.png 300w, https:\/\/restavratorstvo-vitez.si\/wp-content\/uploads\/2023\/01\/zapolnitev_por_po_impregnaciji_1-768x576.png 768w\" sizes=\"(max-width: 800px) 100vw, 800px\" \/>\t\t\t\t\t\t\n\t\t\t\t\t<\/div>\n\t\t\t\t\t\t\t\t\n<style>\n#image_1075593923 {\n  width: 100%;\n}\n<\/style>\n\t<\/div>\n\t\n\t<div id=\"gap-1560313854\" class=\"gap-element clearfix\" style=\"display:block; height:auto;\">\n\t\t\n<style>\n#gap-1560313854 {\n  padding-top: 10px;\n}\n<\/style>\n\t<\/div>\n\t\n<p>Riempimento dei pori con sostanza impregnante<\/p>\n\t\t<\/div>\n\t\t\t\t\t<\/div>\n\n\t\n<\/div>\n\t<div id=\"gap-132124296\" class=\"gap-element clearfix\" style=\"display:block; height:auto;\">\n\t\t\n<style>\n#gap-132124296 {\n  padding-top: 30px;\n}\n<\/style>\n\t<\/div>\n\t\n\t<section class=\"section formhp\" id=\"section_121010071\">\n\t\t<div class=\"bg section-bg fill bg-fill  bg-loaded\" >\n\n\t\t\t\n\t\t\t\n\t\t\t\n\n\t\t<\/div>\n\n\t\t\n\n\t\t<div class=\"section-content relative\">\n\t\t\t\n\n<div class=\"row\"  id=\"row-735263017\">\n\n\n\t<div id=\"col-536898582\" class=\"col medium-12 small-12 large-6\"  data-animate=\"fadeInUp\">\n\t\t\t\t<div class=\"col-inner text-left\"  >\n\t\t\t\n\t\t\t\n\n\t<div id=\"text-2557583589\" class=\"text\">\n\t\t\n\n<h2 class=\"left\">Invia domanda<\/h2>\n<p>A destra \u00e8 presente il modulo per l'invio di una richiesta per i nostri servizi. Descrivi la tua esigenza per il servizio nel modo pi\u00f9 dettagliato possibile e ti invieremo a breve un'offerta basata sulla tua richiesta.<\/p>\n\n\t\t\n<style>\n#text-2557583589 {\n  text-align: left;\n}\n<\/style>\n\t<\/div>\n\t\n\n\t\t<\/div>\n\t\t\t\t\t<\/div>\n\n\t\n\n\t<div id=\"col-1338651630\" class=\"col block-form medium-12 small-12 large-6\"  data-animate=\"fadeInUp\">\n\t\t\t\t<div class=\"col-inner text-left\"  >\n\t\t\t\n\t\t\t\n\n\n<div class=\"wpcf7 no-js\" id=\"wpcf7-f1717-o1\" lang=\"sl-SI\" dir=\"ltr\">\n<div class=\"screen-reader-response\"><p role=\"status\" aria-live=\"polite\" aria-atomic=\"true\"><\/p> <ul><\/ul><\/div>\n<form action=\"\/it\/wp-json\/wp\/v2\/pages\/1676#wpcf7-f1717-o1\" method=\"post\" class=\"wpcf7-form init\" aria-label=\"Contact form\" enctype=\"multipart\/form-data\" novalidate=\"novalidate\" data-status=\"init\">\n<div style=\"display: none;\">\n<input type=\"hidden\" name=\"_wpcf7\" value=\"1717\" \/>\n<input type=\"hidden\" name=\"_wpcf7_version\" value=\"5.8.6\" \/>\n<input type=\"hidden\" name=\"_wpcf7_locale\" value=\"sl_SI\" \/>\n<input type=\"hidden\" name=\"_wpcf7_unit_tag\" value=\"wpcf7-f1717-o1\" \/>\n<input type=\"hidden\" name=\"_wpcf7_container_post\" value=\"0\" \/>\n<input type=\"hidden\" name=\"_wpcf7_posted_data_hash\" value=\"\" \/>\n<input type=\"hidden\" name=\"_wpcf7_recaptcha_response\" value=\"\" \/>\n<\/div>\n<p><label><span class=\"wpcf7-form-control-wrap\" data-name=\"your-name\"><input size=\"40\" class=\"wpcf7-form-control wpcf7-text wpcf7-validates-as-required\" aria-required=\"true\" aria-invalid=\"false\" placeholder=\"Nome e cognome*\" value=\"\" type=\"text\" name=\"your-name\" \/><\/span> <\/label>\n<\/p>\n<p><label><span class=\"wpcf7-form-control-wrap\" data-name=\"your-address\"><input size=\"40\" class=\"wpcf7-form-control wpcf7-text wpcf7-validates-as-required\" aria-required=\"true\" aria-invalid=\"false\" placeholder=\"Indirizzo\" value=\"\" type=\"text\" name=\"your-address\" \/><\/span> <\/label>\n<\/p>\n<p><label><span class=\"wpcf7-form-control-wrap\" data-name=\"your-company\"><input size=\"40\" class=\"wpcf7-form-control wpcf7-text wpcf7-validates-as-required\" aria-required=\"true\" aria-invalid=\"false\" placeholder=\"Azienda\" value=\"\" type=\"text\" name=\"your-company\" \/><\/span> <\/label>\n<\/p>\n<p><label><span class=\"wpcf7-form-control-wrap\" data-name=\"email-856\"><input size=\"40\" class=\"wpcf7-form-control wpcf7-email wpcf7-text wpcf7-validates-as-email\" aria-invalid=\"false\" placeholder=\"E-mail*\" value=\"\" type=\"email\" name=\"email-856\" \/><\/span> <\/label>\n<\/p>\n<p><label> <span class=\"wpcf7-form-control-wrap\" data-name=\"tel-912\"><input size=\"40\" class=\"wpcf7-form-control wpcf7-tel wpcf7-text wpcf7-validates-as-tel\" aria-invalid=\"false\" placeholder=\"Numero di telefono\" value=\"\" type=\"tel\" name=\"tel-912\" \/><\/span><\/label>\n<\/p>\n<p><label> <span class=\"wpcf7-form-control-wrap\" data-name=\"textarea-411\"><textarea cols=\"40\" rows=\"10\" class=\"wpcf7-form-control wpcf7-textarea\" aria-invalid=\"false\" placeholder=\"Il vostro messaggio\" name=\"textarea-411\"><\/textarea><\/span><\/label>\n<\/p>\n<p><label> <span class=\"wpcf7-form-control-wrap\" data-name=\"file-224\"><input size=\"40\" class=\"wpcf7-form-control wpcf7-file\" accept=\"audio\/*,video\/*,image\/*\" aria-invalid=\"false\" type=\"file\" name=\"file-224\" \/><\/span><\/label>\n<\/p>\n<p><span class=\"wpcf7-form-control-wrap\" data-name=\"your-consent\"><span class=\"wpcf7-form-control wpcf7-acceptance\"><span class=\"wpcf7-list-item\"><label><input type=\"checkbox\" name=\"your-consent\" value=\"1\" aria-invalid=\"false\" \/><span class=\"wpcf7-list-item-label\">Acconsento al trattamento dei nostri dati ai fini della creazione di un'offerta e all'informativa sulla privacy di Stanko Vitez s.p.<\/span><\/label><\/span><\/span><\/span>\n<\/p>\n<p><input class=\"wpcf7-form-control wpcf7-submit has-spinner\" type=\"submit\" value=\"Invia\" \/>\n<\/p><div class=\"wpcf7-response-output\" aria-hidden=\"true\"><\/div>\n<\/form>\n<\/div>\n\n\n\n\t\t<\/div>\n\t\t\t\t\n<style>\n#col-1338651630 > .col-inner {\n  padding: 0px 0px 0px 0px;\n}\n@media (min-width:850px) {\n  #col-1338651630 > .col-inner {\n    padding: 0px 0px 0px 100px;\n  }\n}\n<\/style>\n\t<\/div>\n\n\t\n\n<\/div>\n\n\t\t<\/div>\n\n\t\t\n<style>\n#section_121010071 {\n  padding-top: 30px;\n  padding-bottom: 30px;\n}\n@media (min-width:850px) {\n  #section_121010071 {\n    padding-top: 50px;\n    padding-bottom: 50px;\n  }\n}\n<\/style>\n\t<\/section>\n\t\n","protected":false},"excerpt":{"rendered":"","protected":false},"author":1,"featured_media":0,"parent":0,"menu_order":0,"comment_status":"closed","ping_status":"closed","template":"page-transparent-header.php","meta":{"footnotes":""},"class_list":["post-1676","page","type-page","status-publish","hentry"],"_links":{"self":[{"href":"https:\/\/restavratorstvo-vitez.si\/it\/wp-json\/wp\/v2\/pages\/1676","targetHints":{"allow":["GET"]}}],"collection":[{"href":"https:\/\/restavratorstvo-vitez.si\/it\/wp-json\/wp\/v2\/pages"}],"about":[{"href":"https:\/\/restavratorstvo-vitez.si\/it\/wp-json\/wp\/v2\/types\/page"}],"author":[{"embeddable":true,"href":"https:\/\/restavratorstvo-vitez.si\/it\/wp-json\/wp\/v2\/users\/1"}],"replies":[{"embeddable":true,"href":"https:\/\/restavratorstvo-vitez.si\/it\/wp-json\/wp\/v2\/comments?post=1676"}],"version-history":[{"count":5,"href":"https:\/\/restavratorstvo-vitez.si\/it\/wp-json\/wp\/v2\/pages\/1676\/revisions"}],"predecessor-version":[{"id":1845,"href":"https:\/\/restavratorstvo-vitez.si\/it\/wp-json\/wp\/v2\/pages\/1676\/revisions\/1845"}],"wp:attachment":[{"href":"https:\/\/restavratorstvo-vitez.si\/it\/wp-json\/wp\/v2\/media?parent=1676"}],"curies":[{"name":"wp","href":"https:\/\/api.w.org\/{rel}","templated":true}]}}